{"id":115,"date":"2019-12-01T15:54:48","date_gmt":"2019-12-01T14:54:48","guid":{"rendered":"http:\/\/www.boutique.sajef.net\/?page_id=115"},"modified":"2023-04-16T19:39:41","modified_gmt":"2023-04-16T17:39:41","slug":"accueil","status":"publish","type":"page","link":"https:\/\/www.boutique.sajef.net\/","title":{"rendered":"Accueil"},"content":{"rendered":"<div id=\"bouti-129406000\" class=\"bouti-avant-le-contenu bouti-entity-placement\"><script async src=\"\/\/pagead2.googlesyndication.com\/pagead\/js\/adsbygoogle.js?client=ca-pub-8639961027790050\" crossorigin=\"anonymous\"><\/script><ins class=\"adsbygoogle\" style=\"display:block;\" data-ad-client=\"ca-pub-8639961027790050\" \ndata-ad-slot=\"\" \ndata-ad-format=\"auto\"><\/ins>\n<script> \n(adsbygoogle = window.adsbygoogle || []).push({}); \n<\/script>\n<\/div>\n<p class=\"has-text-align-center\"><\/p>\n\n\n\n<p class=\"has-text-align-center\"><strong>Bienvenue sur  la boutique de Sajef.net<\/strong><\/p>\n\n\n\n<p>Nous vous  proposons des livres et des Cd-Rom sur la G\u00e9n\u00e9alogie, l&#8217;H\u00e9raldique et  l&#8217;Histoire de <strong>Bretagne<\/strong>. <\/p>\n\n\n\n<p class=\"has-text-align-center\">Nouveau<br>   <br>   L&#8217;<a href=\"http:\/\/www.sajef.net\/pages\/produits\/ab\/presente.htm\">Armorial Breton<\/a> est \u00e0  pr\u00e9sent disponible sous forme de livre<br>   L&#8217;<a href=\"http:\/\/www.sajef.net\/#ETAT\">Etat de la Noblesse bretonne<\/a> est \u00e9galement disponible  sous forme de livre <\/p>\n\n\n\n<p><br>   <a href=\"http:\/\/www.sajef.net\/pages\/produits\/Nouveau\/presente.htm\">Les Nouveaut\u00e9s<\/a> <br>   <br>   <br>   <strong>Consultez l&#8217;<a rel=\"noreferrer noopener\" href=\"http:\/\/www.sajef.org\/idx\/index.htm\" target=\"_blank\">in<\/a><a rel=\"noreferrer noopener\" aria-label=\"dex g\u00e9n\u00e9ral (s\u2019ouvre dans un nouvel onglet)\" href=\"http:\/\/www.sajef.net\/idx\/index.htm\" target=\"_blank\">dex g\u00e9n\u00e9ral<\/a> de tous  nos ouvrages.<\/strong><\/p>\n<div style=\"padding-bottom:20px; padding-top:10px;\" class=\"hupso-share-buttons\"><!-- Hupso Share Buttons - https:\/\/www.hupso.com\/share\/ --><a class=\"hupso_toolbar\" href=\"https:\/\/www.hupso.com\/share\/\"><img decoding=\"async\" src=\"https:\/\/static.hupso.com\/share\/buttons\/lang\/fr\/share-medium.png\" style=\"border:0px; padding-top: 5px; float:left;\" alt=\"Share Button\"\/><\/a><script type=\"text\/javascript\">var hupso_services_t=new Array(\"Twitter\",\"Facebook\",\"Pinterest\",\"Linkedin\",\"StumbleUpon\",\"Digg\",\"Reddit\",\"Bebo\",\"Delicious\");var hupso_background_t=\"#EAF4FF\";var hupso_border_t=\"#66CCFF\";var hupso_toolbar_size_t=\"medium\";var hupso_image_folder_url = \"\";var hupso_url_t=\"\";var hupso_title_t=\"Accueil\";<\/script><script type=\"text\/javascript\" src=\"https:\/\/static.hupso.com\/share\/js\/share_toolbar.js\"><\/script><!-- Hupso Share Buttons --><\/div><div id=\"bouti-1843753174\" class=\"bouti-genealogie2 bouti-entity-placement\"><script async src=\"\/\/pagead2.googlesyndication.com\/pagead\/js\/adsbygoogle.js?client=ca-pub-8639961027790050\" crossorigin=\"anonymous\"><\/script><ins class=\"adsbygoogle\" style=\"display:block;\" data-ad-client=\"ca-pub-8639961027790050\" \ndata-ad-slot=\"\" \ndata-ad-format=\"auto\"><\/ins>\n<script> \n(adsbygoogle = window.adsbygoogle || []).push({}); \n<\/script>\n<\/div>","protected":false},"excerpt":{"rendered":"<p>Bienvenue sur la boutique de Sajef.net Nous vous proposons des livres et des Cd-Rom sur la G\u00e9n\u00e9alogie, l&#8217;H\u00e9raldique et l&#8217;Histoire de Bretagne. Nouveau L&#8217;Armorial Breton est \u00e0 pr\u00e9sent disponible sous forme de livre L&#8217;Etat de la Noblesse bretonne est \u00e9galement disponible sous forme de livre Les Nouveaut\u00e9s Consultez l&#8217;index g\u00e9n\u00e9ral de tous nos ouvrages.<\/p>\n<div style=\"padding-bottom:20px; padding-top:10px;\" class=\"hupso-share-buttons\"><!-- Hupso Share Buttons - https:\/\/www.hupso.com\/share\/ --><a class=\"hupso_toolbar\" href=\"https:\/\/www.hupso.com\/share\/\"><img src=\"https:\/\/static.hupso.com\/share\/buttons\/lang\/fr\/share-medium.png\" style=\"border:0px; padding-top: 5px; float:left;\" alt=\"Share Button\"\/><\/a><script type=\"text\/javascript\">var hupso_services_t=new Array(\"Twitter\",\"Facebook\",\"Pinterest\",\"Linkedin\",\"StumbleUpon\",\"Digg\",\"Reddit\",\"Bebo\",\"Delicious\");var hupso_background_t=\"#EAF4FF\";var hupso_border_t=\"#66CCFF\";var hupso_toolbar_size_t=\"medium\";var hupso_image_folder_url = \"\";var hupso_url_t=\"\";var hupso_title_t=\"Accueil\";<\/script><script type=\"text\/javascript\" src=\"https:\/\/static.hupso.com\/share\/js\/share_toolbar.js\"><\/script><!-- Hupso Share Buttons --><\/div>","protected":false},"author":1,"featured_media":0,"parent":0,"menu_order":1,"comment_status":"closed","ping_status":"closed","template":"","meta":{"footnotes":""},"_links":{"self":[{"href":"https:\/\/www.boutique.sajef.net\/index.php\/wp-json\/wp\/v2\/pages\/115"}],"collection":[{"href":"https:\/\/www.boutique.sajef.net\/index.php\/wp-json\/wp\/v2\/pages"}],"about":[{"href":"https:\/\/www.boutique.sajef.net\/index.php\/wp-json\/wp\/v2\/types\/page"}],"author":[{"embeddable":true,"href":"https:\/\/www.boutique.sajef.net\/index.php\/wp-json\/wp\/v2\/users\/1"}],"replies":[{"embeddable":true,"href":"https:\/\/www.boutique.sajef.net\/index.php\/wp-json\/wp\/v2\/comments?post=115"}],"version-history":[{"count":9,"href":"https:\/\/www.boutique.sajef.net\/index.php\/wp-json\/wp\/v2\/pages\/115\/revisions"}],"predecessor-version":[{"id":1965,"href":"https:\/\/www.boutique.sajef.net\/index.php\/wp-json\/wp\/v2\/pages\/115\/revisions\/1965"}],"wp:attachment":[{"href":"https:\/\/www.boutique.sajef.net\/index.php\/wp-json\/wp\/v2\/media?parent=115"}],"curies":[{"name":"wp","href":"https:\/\/api.w.org\/{rel}","templated":true}]}}