{"id":19,"date":"2019-11-23T18:48:47","date_gmt":"2019-11-23T17:48:47","guid":{"rendered":"http:\/\/www.boutique.sajef.net\/?post_type=product&#038;p=19"},"modified":"2022-10-22T12:39:18","modified_gmt":"2022-10-22T10:39:18","slug":"le-catalogue-genealogique-de-la-noblesse-bretonne-version-cd-rom","status":"publish","type":"product","link":"https:\/\/www.boutique.sajef.net\/index.php\/produit\/le-catalogue-genealogique-de-la-noblesse-bretonne-version-cd-rom\/","title":{"rendered":"Le Catalogue G\u00e9n\u00e9alogique de la Noblesse Bretonne &#8211; Version Cd-Rom"},"content":{"rendered":"<div id=\"bouti-2015641389\" class=\"bouti-avant-le-contenu bouti-entity-placement\"><script async src=\"\/\/pagead2.googlesyndication.com\/pagead\/js\/adsbygoogle.js?client=ca-pub-8639961027790050\" crossorigin=\"anonymous\"><\/script><ins class=\"adsbygoogle\" style=\"display:block;\" data-ad-client=\"ca-pub-8639961027790050\" \ndata-ad-slot=\"\" \ndata-ad-format=\"auto\"><\/ins>\n<script> \n(adsbygoogle = window.adsbygoogle || []).push({}); \n<\/script>\n<\/div><p align=\"JUSTIFY\">De 1668 \u00e0 1671, ce sont plus de 2000 familles bretonnes qui se sont pr\u00e9sent\u00e9es \u00e0 la Chambre de la R\u00e9formation \u00e9tablie \u00e0 Rennes, en vue d&#8217;\u00eatre maintenues en la qualit\u00e9 de nobles, dans le cadre de la R\u00e9formation de la Noblesse ordonn\u00e9e par Colbert.<\/p>\n<p>L&#8217;ouvrage que nous vous proposons comporte les noms, armes et arr\u00eats de toutes les familles qui se sont pr\u00e9sent\u00e9es, ainsi que leurs arbres g\u00e9n\u00e9alogiques.<\/p>\n<p><center><span style=\"color: maroon;\"> <b>Ce sont plus de 40 000 individus qui vous sont pr\u00e9sent\u00e9s,<br \/>\navec certains arbres g\u00e9n\u00e9alogiques comportant<br \/>\nplus de 15 g\u00e9n\u00e9rations, et remontant jusqu&#8217;au XII\u00e8 si\u00e8cle !<\/b><\/span><\/center><center><\/center><center><b><span style=\"font-family: Arial; font-size: small;\">CD-ROM<\/span><\/b><\/center><\/p>\n<blockquote>\n<p align=\"JUSTIFY\">Nous vous proposons \u00e9galement un CD-ROM qui contient :<br \/>\nle livre pr\u00e9cedemement pr\u00e9sent\u00e9 dans sa totalit\u00e9 ;<br \/>\n&#8211; une pr\u00e9sentation des familles, pratique et interactive ;<br \/>\n&#8211; un fichier Gedcom pour chaque famille, vous permettant de l&#8217;inclure \u00e0 votre logiciel favori ;<br \/>\n&#8211; un index g\u00e9n\u00e9ral interactif.<\/p>\n<\/blockquote>\n<p>&nbsp;<\/p>\n<div style=\"padding-bottom:20px; padding-top:10px;\" class=\"hupso-share-buttons\"><!-- Hupso Share Buttons - https:\/\/www.hupso.com\/share\/ --><a class=\"hupso_toolbar\" href=\"https:\/\/www.hupso.com\/share\/\"><img decoding=\"async\" src=\"https:\/\/static.hupso.com\/share\/buttons\/lang\/fr\/share-medium.png\" style=\"border:0px; padding-top: 5px; float:left;\" alt=\"Share Button\"\/><\/a><script type=\"text\/javascript\">var hupso_services_t=new Array(\"Twitter\",\"Facebook\",\"Pinterest\",\"Linkedin\",\"StumbleUpon\",\"Digg\",\"Reddit\",\"Bebo\",\"Delicious\");var hupso_background_t=\"#EAF4FF\";var hupso_border_t=\"#66CCFF\";var hupso_toolbar_size_t=\"medium\";var hupso_image_folder_url = \"\";var hupso_url_t=\"\";var hupso_title_t=\"Le%20Catalogue%20G%C3%A9n%C3%A9alogique%20de%20la%20Noblesse%20Bretonne%20-%20Version%20Cd-Rom\";<\/script><script type=\"text\/javascript\" src=\"https:\/\/static.hupso.com\/share\/js\/share_toolbar.js\"><\/script><!-- Hupso Share Buttons --><\/div><div id=\"bouti-2617918949\" class=\"bouti-genealogie2 bouti-entity-placement\"><script async src=\"\/\/pagead2.googlesyndication.com\/pagead\/js\/adsbygoogle.js?client=ca-pub-8639961027790050\" crossorigin=\"anonymous\"><\/script><ins class=\"adsbygoogle\" style=\"display:block;\" data-ad-client=\"ca-pub-8639961027790050\" \ndata-ad-slot=\"\" \ndata-ad-format=\"auto\"><\/ins>\n<script> \n(adsbygoogle = window.adsbygoogle || []).push({}); \n<\/script>\n<\/div>","protected":false},"excerpt":{"rendered":"<p>De 1668 \u00e0 1671, ce sont plus de 2000 familles bretonnes qui se sont pr\u00e9sent\u00e9es \u00e0 la Chambre de la R\u00e9formation \u00e9tablie \u00e0 Rennes, en vue d&#8217;\u00eatre maintenues en la qualit\u00e9 de nobles, dans le cadre de la R\u00e9formation de la Noblesse ordonn\u00e9e par Colbert.<\/p>\n<div style=\"padding-bottom:20px; padding-top:10px;\" class=\"hupso-share-buttons\"><!-- Hupso Share Buttons - https:\/\/www.hupso.com\/share\/ --><a class=\"hupso_toolbar\" href=\"https:\/\/www.hupso.com\/share\/\"><img src=\"https:\/\/static.hupso.com\/share\/buttons\/lang\/fr\/share-medium.png\" style=\"border:0px; padding-top: 5px; float:left;\" alt=\"Share Button\"\/><\/a><script type=\"text\/javascript\">var hupso_services_t=new Array(\"Twitter\",\"Facebook\",\"Pinterest\",\"Linkedin\",\"StumbleUpon\",\"Digg\",\"Reddit\",\"Bebo\",\"Delicious\");var hupso_background_t=\"#EAF4FF\";var hupso_border_t=\"#66CCFF\";var hupso_toolbar_size_t=\"medium\";var hupso_image_folder_url = \"\";var hupso_url_t=\"\";var hupso_title_t=\"Le%20Catalogue%20G%C3%A9n%C3%A9alogique%20de%20la%20Noblesse%20Bretonne%20-%20Version%20Cd-Rom\";<\/script><script type=\"text\/javascript\" src=\"https:\/\/static.hupso.com\/share\/js\/share_toolbar.js\"><\/script><!-- Hupso Share Buttons --><\/div>","protected":false},"featured_media":1957,"comment_status":"open","ping_status":"closed","template":"","meta":[],"_links":{"self":[{"href":"https:\/\/www.boutique.sajef.net\/index.php\/wp-json\/wp\/v2\/product\/19"}],"collection":[{"href":"https:\/\/www.boutique.sajef.net\/index.php\/wp-json\/wp\/v2\/product"}],"about":[{"href":"https:\/\/www.boutique.sajef.net\/index.php\/wp-json\/wp\/v2\/types\/product"}],"replies":[{"embeddable":true,"href":"https:\/\/www.boutique.sajef.net\/index.php\/wp-json\/wp\/v2\/comments?post=19"}],"wp:featuredmedia":[{"embeddable":true,"href":"https:\/\/www.boutique.sajef.net\/index.php\/wp-json\/wp\/v2\/media\/1957"}],"wp:attachment":[{"href":"https:\/\/www.boutique.sajef.net\/index.php\/wp-json\/wp\/v2\/media?parent=19"}],"curies":[{"name":"wp","href":"https:\/\/api.w.org\/{rel}","templated":true}]}}