{"id":27,"date":"2019-11-24T16:01:02","date_gmt":"2019-11-24T15:01:02","guid":{"rendered":"http:\/\/www.boutique.sajef.net\/?post_type=product&#038;p=27"},"modified":"2020-07-18T10:41:44","modified_gmt":"2020-07-18T08:41:44","slug":"armorial-breton-de-l-briant-de-laubriere-cd-rom","status":"publish","type":"product","link":"https:\/\/www.boutique.sajef.net\/index.php\/produit\/armorial-breton-de-l-briant-de-laubriere-cd-rom\/","title":{"rendered":"Armorial Breton de L. Briant de Laubri\u00e8re, cd-rom"},"content":{"rendered":"<div id=\"bouti-1737279159\" class=\"bouti-avant-le-contenu bouti-entity-placement\"><script async src=\"\/\/pagead2.googlesyndication.com\/pagead\/js\/adsbygoogle.js?client=ca-pub-8639961027790050\" crossorigin=\"anonymous\"><\/script><ins class=\"adsbygoogle\" style=\"display:block;\" data-ad-client=\"ca-pub-8639961027790050\" \ndata-ad-slot=\"\" \ndata-ad-format=\"auto\"><\/ins>\n<script> \n(adsbygoogle = window.adsbygoogle || []).push({}); \n<\/script>\n<\/div><p>Publi\u00e9 en 1844, l&#8217;Armorial G\u00e9n\u00e9ral de Bretagne de L. Briant de Laubri\u00e8re est le &#8220;relev\u00e9 des diverses r\u00e9formations de la noblesse de cette province depuis 1400 jusqu&#8217;\u00e0 1669&#8221;. Le livre que nous vous proposons reprend l&#8217;int\u00e9gralit\u00e9 de l&#8217;ouvrage de Briant de Laubri\u00e8re : pour chaque famille sont fournis la liste des terres et le blasonnement.<\/p>\n<div style=\"padding-bottom:20px; padding-top:10px;\" class=\"hupso-share-buttons\"><!-- Hupso Share Buttons - https:\/\/www.hupso.com\/share\/ --><a class=\"hupso_toolbar\" href=\"https:\/\/www.hupso.com\/share\/\"><img decoding=\"async\" src=\"https:\/\/static.hupso.com\/share\/buttons\/lang\/fr\/share-medium.png\" style=\"border:0px; padding-top: 5px; float:left;\" alt=\"Share Button\"\/><\/a><script type=\"text\/javascript\">var hupso_services_t=new Array(\"Twitter\",\"Facebook\",\"Pinterest\",\"Linkedin\",\"StumbleUpon\",\"Digg\",\"Reddit\",\"Bebo\",\"Delicious\");var hupso_background_t=\"#EAF4FF\";var hupso_border_t=\"#66CCFF\";var hupso_toolbar_size_t=\"medium\";var hupso_image_folder_url = \"\";var hupso_url_t=\"\";var hupso_title_t=\"Armorial%20Breton%20de%20L.%20Briant%20de%20Laubri%C3%A8re%2C%20cd-rom\";<\/script><script type=\"text\/javascript\" src=\"https:\/\/static.hupso.com\/share\/js\/share_toolbar.js\"><\/script><!-- Hupso Share Buttons --><\/div><div id=\"bouti-2900536483\" class=\"bouti-genealogie2 bouti-entity-placement\"><script async src=\"\/\/pagead2.googlesyndication.com\/pagead\/js\/adsbygoogle.js?client=ca-pub-8639961027790050\" crossorigin=\"anonymous\"><\/script><ins class=\"adsbygoogle\" style=\"display:block;\" data-ad-client=\"ca-pub-8639961027790050\" \ndata-ad-slot=\"\" \ndata-ad-format=\"auto\"><\/ins>\n<script> \n(adsbygoogle = window.adsbygoogle || []).push({}); \n<\/script>\n<\/div>","protected":false},"excerpt":{"rendered":"<p>Publi\u00e9 en 1844, l&#8217;Armorial G\u00e9n\u00e9ral de Bretagne de L. Briant de Laubri\u00e8re est le &#8220;relev\u00e9 des diverses r\u00e9formations de la noblesse de cette province depuis 1400 jusqu&#8217;\u00e0 1669&#8221;.<\/p>\n<div style=\"padding-bottom:20px; padding-top:10px;\" class=\"hupso-share-buttons\"><!-- Hupso Share Buttons - https:\/\/www.hupso.com\/share\/ --><a class=\"hupso_toolbar\" href=\"https:\/\/www.hupso.com\/share\/\"><img src=\"https:\/\/static.hupso.com\/share\/buttons\/lang\/fr\/share-medium.png\" style=\"border:0px; padding-top: 5px; float:left;\" alt=\"Share Button\"\/><\/a><script type=\"text\/javascript\">var hupso_services_t=new Array(\"Twitter\",\"Facebook\",\"Pinterest\",\"Linkedin\",\"StumbleUpon\",\"Digg\",\"Reddit\",\"Bebo\",\"Delicious\");var hupso_background_t=\"#EAF4FF\";var hupso_border_t=\"#66CCFF\";var hupso_toolbar_size_t=\"medium\";var hupso_image_folder_url = \"\";var hupso_url_t=\"\";var hupso_title_t=\"Armorial%20Breton%20de%20L.%20Briant%20de%20Laubri%C3%A8re%2C%20cd-rom\";<\/script><script type=\"text\/javascript\" src=\"https:\/\/static.hupso.com\/share\/js\/share_toolbar.js\"><\/script><!-- Hupso Share Buttons --><\/div>","protected":false},"featured_media":135,"comment_status":"open","ping_status":"closed","template":"","meta":[],"_links":{"self":[{"href":"https:\/\/www.boutique.sajef.net\/index.php\/wp-json\/wp\/v2\/product\/27"}],"collection":[{"href":"https:\/\/www.boutique.sajef.net\/index.php\/wp-json\/wp\/v2\/product"}],"about":[{"href":"https:\/\/www.boutique.sajef.net\/index.php\/wp-json\/wp\/v2\/types\/product"}],"replies":[{"embeddable":true,"href":"https:\/\/www.boutique.sajef.net\/index.php\/wp-json\/wp\/v2\/comments?post=27"}],"wp:featuredmedia":[{"embeddable":true,"href":"https:\/\/www.boutique.sajef.net\/index.php\/wp-json\/wp\/v2\/media\/135"}],"wp:attachment":[{"href":"https:\/\/www.boutique.sajef.net\/index.php\/wp-json\/wp\/v2\/media?parent=27"}],"curies":[{"name":"wp","href":"https:\/\/api.w.org\/{rel}","templated":true}]}}