{"id":49,"date":"2019-11-24T16:39:57","date_gmt":"2019-11-24T15:39:57","guid":{"rendered":"http:\/\/www.boutique.sajef.net\/?post_type=product&#038;p=49"},"modified":"2020-07-18T10:40:35","modified_gmt":"2020-07-18T08:40:35","slug":"armorial-de-marseille-cd-rom","status":"publish","type":"product","link":"https:\/\/www.boutique.sajef.net\/index.php\/produit\/armorial-de-marseille-cd-rom\/","title":{"rendered":"Armorial de Marseille, Cd-Rom"},"content":{"rendered":"<div id=\"bouti-4112576327\" class=\"bouti-avant-le-contenu bouti-entity-placement\"><script async src=\"\/\/pagead2.googlesyndication.com\/pagead\/js\/adsbygoogle.js?client=ca-pub-8639961027790050\" crossorigin=\"anonymous\"><\/script><ins class=\"adsbygoogle\" style=\"display:block;\" data-ad-client=\"ca-pub-8639961027790050\" \ndata-ad-slot=\"\" \ndata-ad-format=\"auto\"><\/ins>\n<script> \n(adsbygoogle = window.adsbygoogle || []).push({}); \n<\/script>\n<\/div><p>Armorial de la Ville de Marseille dress\u00e9 par les ordres de Louis XIV, publi\u00e9 pour la premi\u00e8re fois d&#8217;apr\u00e8s les manuscrits de la Biblioth\u00e8que Imp\u00e9riale par Le comte Godefroy de Montgrand, Gentilhomme Proven\u00e7al. MARSEILLE &#8211; Alexandre Gueidon, Editeur. 1864.<\/p>\n<p>&nbsp;<\/p>\n<p>Ce CD-Rom pr\u00e9sente <strong>l\u2019int\u00e9gralit\u00e9 de l\u2019ouvrage<\/strong> de Godefroy de Montgrand: pour chaque famille sont fournis le pr\u00e9nom, la profession et le <strong>blasonnement<\/strong>. Il ne contient pas les blasons des familles mais leur blasonnement, c\u2019est \u00e0 dire leur description litt\u00e9raire.<\/p>\n<div style=\"padding-bottom:20px; padding-top:10px;\" class=\"hupso-share-buttons\"><!-- Hupso Share Buttons - https:\/\/www.hupso.com\/share\/ --><a class=\"hupso_toolbar\" href=\"https:\/\/www.hupso.com\/share\/\"><img decoding=\"async\" src=\"https:\/\/static.hupso.com\/share\/buttons\/lang\/fr\/share-medium.png\" style=\"border:0px; padding-top: 5px; float:left;\" alt=\"Share Button\"\/><\/a><script type=\"text\/javascript\">var hupso_services_t=new Array(\"Twitter\",\"Facebook\",\"Pinterest\",\"Linkedin\",\"StumbleUpon\",\"Digg\",\"Reddit\",\"Bebo\",\"Delicious\");var hupso_background_t=\"#EAF4FF\";var hupso_border_t=\"#66CCFF\";var hupso_toolbar_size_t=\"medium\";var hupso_image_folder_url = \"\";var hupso_url_t=\"\";var hupso_title_t=\"Armorial%20de%20Marseille%2C%20Cd-Rom\";<\/script><script type=\"text\/javascript\" src=\"https:\/\/static.hupso.com\/share\/js\/share_toolbar.js\"><\/script><!-- Hupso Share Buttons --><\/div><div id=\"bouti-4242455072\" class=\"bouti-genealogie2 bouti-entity-placement\"><script async src=\"\/\/pagead2.googlesyndication.com\/pagead\/js\/adsbygoogle.js?client=ca-pub-8639961027790050\" crossorigin=\"anonymous\"><\/script><ins class=\"adsbygoogle\" style=\"display:block;\" data-ad-client=\"ca-pub-8639961027790050\" \ndata-ad-slot=\"\" \ndata-ad-format=\"auto\"><\/ins>\n<script> \n(adsbygoogle = window.adsbygoogle || []).push({}); \n<\/script>\n<\/div>","protected":false},"excerpt":{"rendered":"<p>Armorial de la Ville de Marseille dress\u00e9 par les ordres de Louis XIV, publi\u00e9 pour la premi\u00e8re fois d&#8217;apr\u00e8s les manuscrits de la Biblioth\u00e8que Imp\u00e9riale par Le comte Godefroy de Montgrand, Gentilhomme Proven\u00e7al. MARSEILLE &#8211; Alexandre Gueidon, Editeur. 1864.<\/p>\n<div style=\"padding-bottom:20px; padding-top:10px;\" class=\"hupso-share-buttons\"><!-- Hupso Share Buttons - https:\/\/www.hupso.com\/share\/ --><a class=\"hupso_toolbar\" href=\"https:\/\/www.hupso.com\/share\/\"><img src=\"https:\/\/static.hupso.com\/share\/buttons\/lang\/fr\/share-medium.png\" style=\"border:0px; padding-top: 5px; float:left;\" alt=\"Share Button\"\/><\/a><script type=\"text\/javascript\">var hupso_services_t=new Array(\"Twitter\",\"Facebook\",\"Pinterest\",\"Linkedin\",\"StumbleUpon\",\"Digg\",\"Reddit\",\"Bebo\",\"Delicious\");var hupso_background_t=\"#EAF4FF\";var hupso_border_t=\"#66CCFF\";var hupso_toolbar_size_t=\"medium\";var hupso_image_folder_url = \"\";var hupso_url_t=\"\";var hupso_title_t=\"Armorial%20de%20Marseille%2C%20Cd-Rom\";<\/script><script type=\"text\/javascript\" src=\"https:\/\/static.hupso.com\/share\/js\/share_toolbar.js\"><\/script><!-- Hupso Share Buttons --><\/div>","protected":false},"featured_media":93,"comment_status":"open","ping_status":"closed","template":"","meta":[],"_links":{"self":[{"href":"https:\/\/www.boutique.sajef.net\/index.php\/wp-json\/wp\/v2\/product\/49"}],"collection":[{"href":"https:\/\/www.boutique.sajef.net\/index.php\/wp-json\/wp\/v2\/product"}],"about":[{"href":"https:\/\/www.boutique.sajef.net\/index.php\/wp-json\/wp\/v2\/types\/product"}],"replies":[{"embeddable":true,"href":"https:\/\/www.boutique.sajef.net\/index.php\/wp-json\/wp\/v2\/comments?post=49"}],"wp:featuredmedia":[{"embeddable":true,"href":"https:\/\/www.boutique.sajef.net\/index.php\/wp-json\/wp\/v2\/media\/93"}],"wp:attachment":[{"href":"https:\/\/www.boutique.sajef.net\/index.php\/wp-json\/wp\/v2\/media?parent=49"}],"curies":[{"name":"wp","href":"https:\/\/api.w.org\/{rel}","templated":true}]}}