{"id":59,"date":"2019-11-24T18:59:16","date_gmt":"2019-11-24T17:59:16","guid":{"rendered":"http:\/\/www.boutique.sajef.net\/?post_type=product&#038;p=59"},"modified":"2022-10-22T12:41:07","modified_gmt":"2022-10-22T10:41:07","slug":"anciens-registres-paroissiaux-de-bretagne-par-paris-jallobert-tome-ii","status":"publish","type":"product","link":"https:\/\/www.boutique.sajef.net\/index.php\/produit\/anciens-registres-paroissiaux-de-bretagne-par-paris-jallobert-tome-ii\/","title":{"rendered":"Anciens registres paroissiaux de Bretagne par Paris-Jallobert Tome II"},"content":{"rendered":"<div id=\"bouti-1781339274\" class=\"bouti-avant-le-contenu bouti-entity-placement\"><script async src=\"\/\/pagead2.googlesyndication.com\/pagead\/js\/adsbygoogle.js?client=ca-pub-8639961027790050\" crossorigin=\"anonymous\"><\/script><ins class=\"adsbygoogle\" style=\"display:block;\" data-ad-client=\"ca-pub-8639961027790050\" \ndata-ad-slot=\"\" \ndata-ad-format=\"auto\"><\/ins>\n<script> \n(adsbygoogle = window.adsbygoogle || []).push({}); \n<\/script>\n<\/div><p>Durant 14 ans, l&#8217;abb\u00e9 Paul Paris-Jallobert (1838-1905) a r\u00e9alis\u00e9 <strong>un travail colossal<\/strong> : intitul\u00e9e &#8220;Anciens registres paroissiaux de Bretagne&#8221;, son oeuvre avait pour but de d\u00e9pouiller les registres paroissiaux, afin de publier une brochure pour chaque commune de Bretagne. Chaque brochure comportait : l&#8217;inventaire des registres d\u00e9pos\u00e9s \u00e0 la mairie, au greffe du tribunal civil, et quelquefois rest\u00e9s entre les mains du clerg\u00e9 ; un r\u00e9pertoire des familles nobles et bourgeoises, par ordre alphab\u00e9tique et g\u00e9n\u00e9alogique, avec les dates de bapt\u00eames, mariages et s\u00e9pultures ; un inventaire du clerg\u00e9, dans le m\u00eame ordre et avec les notes qui le concernent ; les faits-divers, quels qu&#8217;ils soient, mentionn\u00e9s dans la collection.<\/p>\n<p>Pour chaque famille, l&#8217;abb\u00e9 s&#8217;est efforc\u00e9 de restituer les renseignements sur le couple (dates et lieux de mariage, bapt\u00eame et d\u00e9c\u00e8s des conjoints), ainsi que la liste de leurs enfants avec de nombreux renseignements (bapt\u00eame, mariage, s\u00e9pulture, profession, parrain et marraine, etc.).<\/p>\n<p>Un exemple de paroisse \u00e9tudi\u00e9e : <a href=\"http:\/\/www.sajef.net\/pages\/produits\/pj\/Trans.pdf\" target=\"_blank\" rel=\"noopener noreferrer\">la paroisse de Trans<\/a><\/p>\n<p><strong>Paroisses \u00e9tudi\u00e9es dans le Tome II<\/strong> : Ch\u00e2teauneuf-de-la-No\u00eb, Le Chatellier, Ch\u00e2tillon-en-Vendelais, Chaum\u00e9r\u00e9, Chavagne, Chelun, Chevaigne, Co\u00ebsmes, Comblessac, Combourg, Combourtill\u00e9, Cornill\u00e9, Corpsnuds, Le Crouais, Cuguen, Dinard (St-Enogat), Ding\u00e9, Dol, Domagn\u00e9, Domalain, Dompierre-du-Chemin, Dourdain, Drouges, Eanc\u00e9, Epiniac, Erbr\u00e9e et Mondevert, Erc\u00e9-en-Lam\u00e9e, Ess\u00e9, Etrelles, Ferc\u00e9, Fleurign\u00e9, La Fontenelle, Forges, Foug\u00e8re<\/p>\n<p>Cet ouvrage existe \u00e9galement <a href=\"http:\/\/www.librairie-genealogique.com\/registres\/135-anciens-registres-paroissiaux-de-bretagne-tome-ii-cd-rom.html\" target=\"_self\" rel=\"noopener noreferrer\">sous forme de CD-ROM<\/a>.<\/p>\n<p>&nbsp;<\/p>\n<p><a href=\"http:\/\/www.librairie-genealogique.com\/293-paris-jallobert-anciens-registres-paroissiaux-de-bretagne\" target=\"_self\" rel=\"noopener noreferrer\">Voir aussi : les offres sp\u00e9ciales Paris-Jallobert<\/a><\/p>\n<div style=\"padding-bottom:20px; padding-top:10px;\" class=\"hupso-share-buttons\"><!-- Hupso Share Buttons - https:\/\/www.hupso.com\/share\/ --><a class=\"hupso_toolbar\" href=\"https:\/\/www.hupso.com\/share\/\"><img decoding=\"async\" src=\"https:\/\/static.hupso.com\/share\/buttons\/lang\/fr\/share-medium.png\" style=\"border:0px; padding-top: 5px; float:left;\" alt=\"Share Button\"\/><\/a><script type=\"text\/javascript\">var hupso_services_t=new Array(\"Twitter\",\"Facebook\",\"Pinterest\",\"Linkedin\",\"StumbleUpon\",\"Digg\",\"Reddit\",\"Bebo\",\"Delicious\");var hupso_background_t=\"#EAF4FF\";var hupso_border_t=\"#66CCFF\";var hupso_toolbar_size_t=\"medium\";var hupso_image_folder_url = \"\";var hupso_url_t=\"\";var hupso_title_t=\"Anciens%20registres%20paroissiaux%20de%20Bretagne%20par%20Paris-Jallobert%20Tome%20II\";<\/script><script type=\"text\/javascript\" src=\"https:\/\/static.hupso.com\/share\/js\/share_toolbar.js\"><\/script><!-- Hupso Share Buttons --><\/div><div id=\"bouti-3711172060\" class=\"bouti-genealogie2 bouti-entity-placement\"><script async src=\"\/\/pagead2.googlesyndication.com\/pagead\/js\/adsbygoogle.js?client=ca-pub-8639961027790050\" crossorigin=\"anonymous\"><\/script><ins class=\"adsbygoogle\" style=\"display:block;\" data-ad-client=\"ca-pub-8639961027790050\" \ndata-ad-slot=\"\" \ndata-ad-format=\"auto\"><\/ins>\n<script> \n(adsbygoogle = window.adsbygoogle || []).push({}); \n<\/script>\n<\/div>","protected":false},"excerpt":{"rendered":"<p>Durant 14 ans, l&#8217;abb\u00e9 Paul Paris-Jallobert (1838-1905) a r\u00e9alis\u00e9 <strong>un travail colossal<\/strong> : intitul\u00e9e &#8220;Anciens registres paroissiaux de Bretagne&#8221;, son oeuvre avait pour but de d\u00e9pouiller les registres paroissiaux, afin de publier une brochure pour chaque commune de Bretagne.<\/p>\n<div style=\"padding-bottom:20px; padding-top:10px;\" class=\"hupso-share-buttons\"><!-- Hupso Share Buttons - https:\/\/www.hupso.com\/share\/ --><a class=\"hupso_toolbar\" href=\"https:\/\/www.hupso.com\/share\/\"><img src=\"https:\/\/static.hupso.com\/share\/buttons\/lang\/fr\/share-medium.png\" style=\"border:0px; padding-top: 5px; float:left;\" alt=\"Share Button\"\/><\/a><script type=\"text\/javascript\">var hupso_services_t=new Array(\"Twitter\",\"Facebook\",\"Pinterest\",\"Linkedin\",\"StumbleUpon\",\"Digg\",\"Reddit\",\"Bebo\",\"Delicious\");var hupso_background_t=\"#EAF4FF\";var hupso_border_t=\"#66CCFF\";var hupso_toolbar_size_t=\"medium\";var hupso_image_folder_url = \"\";var hupso_url_t=\"\";var hupso_title_t=\"Anciens%20registres%20paroissiaux%20de%20Bretagne%20par%20Paris-Jallobert%20Tome%20II\";<\/script><script type=\"text\/javascript\" src=\"https:\/\/static.hupso.com\/share\/js\/share_toolbar.js\"><\/script><!-- Hupso Share Buttons --><\/div>","protected":false},"featured_media":56,"comment_status":"open","ping_status":"closed","template":"","meta":[],"_links":{"self":[{"href":"https:\/\/www.boutique.sajef.net\/index.php\/wp-json\/wp\/v2\/product\/59"}],"collection":[{"href":"https:\/\/www.boutique.sajef.net\/index.php\/wp-json\/wp\/v2\/product"}],"about":[{"href":"https:\/\/www.boutique.sajef.net\/index.php\/wp-json\/wp\/v2\/types\/product"}],"replies":[{"embeddable":true,"href":"https:\/\/www.boutique.sajef.net\/index.php\/wp-json\/wp\/v2\/comments?post=59"}],"wp:featuredmedia":[{"embeddable":true,"href":"https:\/\/www.boutique.sajef.net\/index.php\/wp-json\/wp\/v2\/media\/56"}],"wp:attachment":[{"href":"https:\/\/www.boutique.sajef.net\/index.php\/wp-json\/wp\/v2\/media?parent=59"}],"curies":[{"name":"wp","href":"https:\/\/api.w.org\/{rel}","templated":true}]}}